{"id":10,"date":"2010-07-10T00:53:44","date_gmt":"2010-07-10T00:53:44","guid":{"rendered":"http:\/\/wsahara.stephenzunes.org"},"modified":"2025-01-27T20:17:10","modified_gmt":"2025-01-27T20:17:10","slug":"authors","status":"publish","type":"page","link":"https:\/\/wsahara.stephenzunes.org\/index.php\/authors\/","title":{"rendered":"About the Authors"},"content":{"rendered":"<p><img decoding=\"async\" style=\"float: left; padding: 5px 5px 0px 0px;\" src=\"https:\/\/wsahara.stephenzunes.org\/wp-content\/uploads\/2024\/02\/StephenZunes-smhead.jpg\" width=\"200px\" \/><strong><a href=\"https:\/\/stephenzunes.org\/about\/\">Dr. Stephen Zunes<\/a> is a Professor of Politics and International Studies<\/strong> at the University of San Francisco, where he serves as coordinator of the program in Middle Eastern Studies. He is recognized as one the country\u2019s leading scholars of U.S. Middle East policy and of strategic nonviolent action, international terrorism, nuclear nonproliferation, strategic nonviolent action, and human rights. Professor Zunes serves as a senior policy analyst for <em>Foreign Policy in Focus<\/em>\u00a0project of the Institute for Policy Studies, an associate editor of\u00a0<em>Peace Review<\/em> and contributing editor to <em>Tikkun<\/em> until June 2024.\u00a0 He is the principal editor of Nonviolent Social Movements (1999) and the author of the highly acclaimed Tinderbox: U.S. Middle East Policy and the Roots of Terrorism (2003). Zunes serves as an advisory committee member and Middle East editor for the Foreign Policy in Focus project of the Institute for Policy Studies, an associate editor of Peace Review, and chair of the board of academic advisors for the International Center on Nonviolent Conflict. In 2002, he won recognition from the Peace and Justice Studies Association as Peace Scholar of the Year. Zunes also served May-June as 2024 Torgny Segerstedt Visiting Research Professor at the University of Gothenburg, Sweden.\u00a0<em> See <a href=\"http:\/\/stephenzunes.org\/\">StephenZunes.org<\/a> for more about Zunes and his writings on the Middle East, nonviolence and social movements and change, as well as his <a href=\"https:\/\/stephenzunes.org\/category\/western-sahara\/\">Western Sahara archive<\/a>.<\/em><\/p>\n<p><img decoding=\"async\" style=\"float: left; padding: 5px 5px 0px 0px;\" src=\"https:\/\/wsahara.stephenzunes.org\/wp-content\/uploads\/2024\/02\/JacobMundy-smhead.jpg\" width=\"200px\" \/><a href=\"https:\/\/www.colgate.edu\/about\/directory\/jmundy\/\" target=\"_blank\" rel=\"noopener\">Jacob Mundy<\/a> joined Colgate University&#8217;s program in Peace and Conflict Studies as an assistant professor in August 2011. At this book&#8217;s first printing, he was a Ph.D. student at the University of Exeter&#8217;s Institute of Arab and Islamic Studies, specializing in international politics and conflict in northwest Africa. He is the author of several academic articles and chapters on Western Sahara, appearing in such publications as Mediterranean Politics, Middle East Report, Journal of Contemporary African Studies, Journal of North African Studies and Review of African Political Economy. During the 2007-8 academic year, he was a research fellow with the Centre d&#8217;\u00e9tudes maghr\u00e9bines en Alg\u00e9rie supported by a generous grant from the American Institute for Maghrib Studies. He has also worked as a consulting external analyst with the International Crisis Group, conducting field research on the Western Sahara conflict, and has served as a volunteer country specialist for Amnesty USA. See more about\u00a0 <a href=\"https:\/\/www.colgate.edu\/about\/directory\/jmundy\/\" target=\"_blank\" rel=\"noopener\">Jacob Mundy and his writings, research,\u00a0 awards and appearances<\/a>.<\/p>\n<h4 style=\"text-align: center;\">Please share site links widely by email, text and apps below:<\/h4>\n","protected":false},"excerpt":{"rendered":"<p>Dr. Stephen Zunes is a Professor of Politics and International Studies at the University of San Francisco, where he serves as coordinator of the program in Middle Eastern Studies. He is recognized as one the country\u2019s leading scholars of U.S. Middle East policy and of strategic nonviolent action, international terrorism, nuclear nonproliferation, strategic nonviolent action, [&hellip;]<\/p>\n","protected":false},"author":1,"featured_media":0,"parent":0,"menu_order":0,"comment_status":"closed","ping_status":"closed","template":"","meta":{"footnotes":""},"class_list":["post-10","page","type-page","status-publish","hentry"],"yoast_head":"<!-- This site is optimized with the Yoast SEO plugin v27.5 - https:\/\/yoast.com\/product\/yoast-seo-wordpress\/ -->\n<title>About the Authors - Western Sahara: War, Nationalism &amp; Conflict Irresolution<\/title>\n<meta name=\"robots\" content=\"index, follow, max-snippet:-1, max-image-preview:large, max-video-preview:-1\" \/>\n<link rel=\"canonical\" href=\"https:\/\/wsahara.stephenzunes.org\/index.php\/authors\/\" \/>\n<meta property=\"og:locale\" content=\"en_US\" \/>\n<meta property=\"og:type\" content=\"article\" \/>\n<meta property=\"og:title\" content=\"About the Authors - Western Sahara: War, Nationalism &amp; Conflict Irresolution\" \/>\n<meta property=\"og:description\" content=\"Dr. Stephen Zunes is a Professor of Politics and International Studies at the University of San Francisco, where he serves as coordinator of the program in Middle Eastern Studies. He is recognized as one the country\u2019s leading scholars of U.S. Middle East policy and of strategic nonviolent action, international terrorism, nuclear nonproliferation, strategic nonviolent action, [&hellip;]\" \/>\n<meta property=\"og:url\" content=\"https:\/\/wsahara.stephenzunes.org\/index.php\/authors\/\" \/>\n<meta property=\"og:site_name\" content=\"Western Sahara: War, Nationalism &amp; Conflict Irresolution\" \/>\n<meta property=\"article:modified_time\" content=\"2025-01-27T20:17:10+00:00\" \/>\n<meta property=\"og:image\" content=\"https:\/\/wsahara.stephenzunes.org\/wp-content\/uploads\/2024\/02\/StephenZunes-smhead.jpg\" \/>\n<meta name=\"twitter:card\" content=\"summary_large_image\" \/>\n<meta name=\"twitter:label1\" content=\"Est. reading time\" \/>\n\t<meta name=\"twitter:data1\" content=\"3 minutes\" \/>\n<script type=\"application\/ld+json\" class=\"yoast-schema-graph\">{\"@context\":\"https:\\\/\\\/schema.org\",\"@graph\":[{\"@type\":\"WebPage\",\"@id\":\"https:\\\/\\\/wsahara.stephenzunes.org\\\/index.php\\\/authors\\\/\",\"url\":\"https:\\\/\\\/wsahara.stephenzunes.org\\\/index.php\\\/authors\\\/\",\"name\":\"About the Authors - Western Sahara: War, Nationalism &amp; Conflict Irresolution\",\"isPartOf\":{\"@id\":\"https:\\\/\\\/wsahara.stephenzunes.org\\\/#website\"},\"primaryImageOfPage\":{\"@id\":\"https:\\\/\\\/wsahara.stephenzunes.org\\\/index.php\\\/authors\\\/#primaryimage\"},\"image\":{\"@id\":\"https:\\\/\\\/wsahara.stephenzunes.org\\\/index.php\\\/authors\\\/#primaryimage\"},\"thumbnailUrl\":\"https:\\\/\\\/wsahara.stephenzunes.org\\\/wp-content\\\/uploads\\\/2024\\\/02\\\/StephenZunes-smhead.jpg\",\"datePublished\":\"2010-07-10T00:53:44+00:00\",\"dateModified\":\"2025-01-27T20:17:10+00:00\",\"breadcrumb\":{\"@id\":\"https:\\\/\\\/wsahara.stephenzunes.org\\\/index.php\\\/authors\\\/#breadcrumb\"},\"inLanguage\":\"en-US\",\"potentialAction\":[{\"@type\":\"ReadAction\",\"target\":[\"https:\\\/\\\/wsahara.stephenzunes.org\\\/index.php\\\/authors\\\/\"]}]},{\"@type\":\"ImageObject\",\"inLanguage\":\"en-US\",\"@id\":\"https:\\\/\\\/wsahara.stephenzunes.org\\\/index.php\\\/authors\\\/#primaryimage\",\"url\":\"https:\\\/\\\/wsahara.stephenzunes.org\\\/wp-content\\\/uploads\\\/2024\\\/02\\\/StephenZunes-smhead.jpg\",\"contentUrl\":\"https:\\\/\\\/wsahara.stephenzunes.org\\\/wp-content\\\/uploads\\\/2024\\\/02\\\/StephenZunes-smhead.jpg\",\"width\":120,\"height\":173},{\"@type\":\"BreadcrumbList\",\"@id\":\"https:\\\/\\\/wsahara.stephenzunes.org\\\/index.php\\\/authors\\\/#breadcrumb\",\"itemListElement\":[{\"@type\":\"ListItem\",\"position\":1,\"name\":\"Home\",\"item\":\"https:\\\/\\\/wsahara.stephenzunes.org\\\/\"},{\"@type\":\"ListItem\",\"position\":2,\"name\":\"About the Authors\"}]},{\"@type\":\"WebSite\",\"@id\":\"https:\\\/\\\/wsahara.stephenzunes.org\\\/#website\",\"url\":\"https:\\\/\\\/wsahara.stephenzunes.org\\\/\",\"name\":\"Western Sahara: War, Nationalism & Conflict Irresolution\",\"description\":\"Western Sahara\",\"publisher\":{\"@id\":\"https:\\\/\\\/wsahara.stephenzunes.org\\\/#organization\"},\"potentialAction\":[{\"@type\":\"SearchAction\",\"target\":{\"@type\":\"EntryPoint\",\"urlTemplate\":\"https:\\\/\\\/wsahara.stephenzunes.org\\\/?s={search_term_string}\"},\"query-input\":{\"@type\":\"PropertyValueSpecification\",\"valueRequired\":true,\"valueName\":\"search_term_string\"}}],\"inLanguage\":\"en-US\"},{\"@type\":\"Organization\",\"@id\":\"https:\\\/\\\/wsahara.stephenzunes.org\\\/#organization\",\"name\":\"Western Sahara: War, Nationalism & Conflict Irresolution\",\"url\":\"https:\\\/\\\/wsahara.stephenzunes.org\\\/\",\"logo\":{\"@type\":\"ImageObject\",\"inLanguage\":\"en-US\",\"@id\":\"https:\\\/\\\/wsahara.stephenzunes.org\\\/#\\\/schema\\\/logo\\\/image\\\/\",\"url\":\"https:\\\/\\\/wsahara.stephenzunes.org\\\/wp-content\\\/uploads\\\/2024\\\/02\\\/cropped-cvr-wsahara-thumb.jpg\",\"contentUrl\":\"https:\\\/\\\/wsahara.stephenzunes.org\\\/wp-content\\\/uploads\\\/2024\\\/02\\\/cropped-cvr-wsahara-thumb.jpg\",\"width\":512,\"height\":512,\"caption\":\"Western Sahara: War, Nationalism & Conflict Irresolution\"},\"image\":{\"@id\":\"https:\\\/\\\/wsahara.stephenzunes.org\\\/#\\\/schema\\\/logo\\\/image\\\/\"}}]}<\/script>\n<!-- \/ Yoast SEO plugin. -->","yoast_head_json":{"title":"About the Authors - Western Sahara: War, Nationalism &amp; Conflict Irresolution","robots":{"index":"index","follow":"follow","max-snippet":"max-snippet:-1","max-image-preview":"max-image-preview:large","max-video-preview":"max-video-preview:-1"},"canonical":"https:\/\/wsahara.stephenzunes.org\/index.php\/authors\/","og_locale":"en_US","og_type":"article","og_title":"About the Authors - Western Sahara: War, Nationalism &amp; Conflict Irresolution","og_description":"Dr. Stephen Zunes is a Professor of Politics and International Studies at the University of San Francisco, where he serves as coordinator of the program in Middle Eastern Studies. He is recognized as one the country\u2019s leading scholars of U.S. Middle East policy and of strategic nonviolent action, international terrorism, nuclear nonproliferation, strategic nonviolent action, [&hellip;]","og_url":"https:\/\/wsahara.stephenzunes.org\/index.php\/authors\/","og_site_name":"Western Sahara: War, Nationalism &amp; Conflict Irresolution","article_modified_time":"2025-01-27T20:17:10+00:00","og_image":[{"url":"https:\/\/wsahara.stephenzunes.org\/wp-content\/uploads\/2024\/02\/StephenZunes-smhead.jpg","type":"","width":"","height":""}],"twitter_card":"summary_large_image","twitter_misc":{"Est. reading time":"3 minutes"},"schema":{"@context":"https:\/\/schema.org","@graph":[{"@type":"WebPage","@id":"https:\/\/wsahara.stephenzunes.org\/index.php\/authors\/","url":"https:\/\/wsahara.stephenzunes.org\/index.php\/authors\/","name":"About the Authors - Western Sahara: War, Nationalism &amp; Conflict Irresolution","isPartOf":{"@id":"https:\/\/wsahara.stephenzunes.org\/#website"},"primaryImageOfPage":{"@id":"https:\/\/wsahara.stephenzunes.org\/index.php\/authors\/#primaryimage"},"image":{"@id":"https:\/\/wsahara.stephenzunes.org\/index.php\/authors\/#primaryimage"},"thumbnailUrl":"https:\/\/wsahara.stephenzunes.org\/wp-content\/uploads\/2024\/02\/StephenZunes-smhead.jpg","datePublished":"2010-07-10T00:53:44+00:00","dateModified":"2025-01-27T20:17:10+00:00","breadcrumb":{"@id":"https:\/\/wsahara.stephenzunes.org\/index.php\/authors\/#breadcrumb"},"inLanguage":"en-US","potentialAction":[{"@type":"ReadAction","target":["https:\/\/wsahara.stephenzunes.org\/index.php\/authors\/"]}]},{"@type":"ImageObject","inLanguage":"en-US","@id":"https:\/\/wsahara.stephenzunes.org\/index.php\/authors\/#primaryimage","url":"https:\/\/wsahara.stephenzunes.org\/wp-content\/uploads\/2024\/02\/StephenZunes-smhead.jpg","contentUrl":"https:\/\/wsahara.stephenzunes.org\/wp-content\/uploads\/2024\/02\/StephenZunes-smhead.jpg","width":120,"height":173},{"@type":"BreadcrumbList","@id":"https:\/\/wsahara.stephenzunes.org\/index.php\/authors\/#breadcrumb","itemListElement":[{"@type":"ListItem","position":1,"name":"Home","item":"https:\/\/wsahara.stephenzunes.org\/"},{"@type":"ListItem","position":2,"name":"About the Authors"}]},{"@type":"WebSite","@id":"https:\/\/wsahara.stephenzunes.org\/#website","url":"https:\/\/wsahara.stephenzunes.org\/","name":"Western Sahara: War, Nationalism & Conflict Irresolution","description":"Western Sahara","publisher":{"@id":"https:\/\/wsahara.stephenzunes.org\/#organization"},"potentialAction":[{"@type":"SearchAction","target":{"@type":"EntryPoint","urlTemplate":"https:\/\/wsahara.stephenzunes.org\/?s={search_term_string}"},"query-input":{"@type":"PropertyValueSpecification","valueRequired":true,"valueName":"search_term_string"}}],"inLanguage":"en-US"},{"@type":"Organization","@id":"https:\/\/wsahara.stephenzunes.org\/#organization","name":"Western Sahara: War, Nationalism & Conflict Irresolution","url":"https:\/\/wsahara.stephenzunes.org\/","logo":{"@type":"ImageObject","inLanguage":"en-US","@id":"https:\/\/wsahara.stephenzunes.org\/#\/schema\/logo\/image\/","url":"https:\/\/wsahara.stephenzunes.org\/wp-content\/uploads\/2024\/02\/cropped-cvr-wsahara-thumb.jpg","contentUrl":"https:\/\/wsahara.stephenzunes.org\/wp-content\/uploads\/2024\/02\/cropped-cvr-wsahara-thumb.jpg","width":512,"height":512,"caption":"Western Sahara: War, Nationalism & Conflict Irresolution"},"image":{"@id":"https:\/\/wsahara.stephenzunes.org\/#\/schema\/logo\/image\/"}}]}},"_links":{"self":[{"href":"https:\/\/wsahara.stephenzunes.org\/index.php\/wp-json\/wp\/v2\/pages\/10","targetHints":{"allow":["GET"]}}],"collection":[{"href":"https:\/\/wsahara.stephenzunes.org\/index.php\/wp-json\/wp\/v2\/pages"}],"about":[{"href":"https:\/\/wsahara.stephenzunes.org\/index.php\/wp-json\/wp\/v2\/types\/page"}],"author":[{"embeddable":true,"href":"https:\/\/wsahara.stephenzunes.org\/index.php\/wp-json\/wp\/v2\/users\/1"}],"replies":[{"embeddable":true,"href":"https:\/\/wsahara.stephenzunes.org\/index.php\/wp-json\/wp\/v2\/comments?post=10"}],"version-history":[{"count":10,"href":"https:\/\/wsahara.stephenzunes.org\/index.php\/wp-json\/wp\/v2\/pages\/10\/revisions"}],"predecessor-version":[{"id":716,"href":"https:\/\/wsahara.stephenzunes.org\/index.php\/wp-json\/wp\/v2\/pages\/10\/revisions\/716"}],"wp:attachment":[{"href":"https:\/\/wsahara.stephenzunes.org\/index.php\/wp-json\/wp\/v2\/media?parent=10"}],"curies":[{"name":"wp","href":"https:\/\/api.w.org\/{rel}","templated":true}]}}